{"id":540,"date":"2025-11-24T13:36:57","date_gmt":"2025-11-24T13:36:57","guid":{"rendered":"http:\/\/www.u399732.stronazen.pl\/?page_id=540"},"modified":"2025-11-24T13:42:59","modified_gmt":"2025-11-24T13:42:59","slug":"pioro-arch-16-2","status":"publish","type":"page","link":"https:\/\/www.u399732.stronazen.pl\/?page_id=540","title":{"rendered":"Pi\u00f3ro Arch 16"},"content":{"rendered":"<div class=\"pgc-sgb-cb wp-block-pgcsimplygalleryblock-slider \" data-gallery-id=\"d7d71020\"style=&quot;min-height:580px&quot;><div class=\"sgb-preloader\" id=\"pr_d7d71020\">\n\t<div class=\"sgb-square\" style=\"background:#d4d4d4\"><\/div>\n\t<div class=\"sgb-square\" style=\"background:#d4d4d4\"><\/div>\n\t<div class=\"sgb-square\" style=\"background:#d4d4d4\"><\/div>\n\t<div class=\"sgb-square\" style=\"background:#d4d4d4\"><\/div><\/div><div class=\"simply-gallery-amp pgc_sgb_slider \"><noscript><div class=\"sgb-gallery\"><div class=\"sgb-item\"><a href=\"http:\/\/www.u399732.stronazen.pl\/?attachment_id=523\" target=\"_blank\"><img loading=\"lazy\" decoding=\"async\" alt=\"\" width=\"300\" height=\"169\" loading=\"lazy\" src=\"http:\/\/www.u399732.stronazen.pl\/wp-content\/uploads\/2025\/11\/pioro-16-zdjecie-glowne-zdjecie-pierwsze--300x169.webp\" srcset=\"http:\/\/www.u399732.stronazen.pl\/wp-content\/uploads\/2025\/11\/pioro-16-zdjecie-glowne-zdjecie-pierwsze--300x169.webp 300w,http:\/\/www.u399732.stronazen.pl\/wp-content\/uploads\/2025\/11\/pioro-16-zdjecie-glowne-zdjecie-pierwsze--1024x576.webp 1024w,http:\/\/www.u399732.stronazen.pl\/wp-content\/uploads\/2025\/11\/pioro-16-zdjecie-glowne-zdjecie-pierwsze-.webp 1279w\" sizes=\"auto, 250px\"\/><\/a><\/div><div class=\"sgb-item\"><a href=\"http:\/\/www.u399732.stronazen.pl\/?attachment_id=521\" target=\"_blank\"><img loading=\"lazy\" decoding=\"async\" alt=\"\" width=\"300\" height=\"162\" loading=\"lazy\" src=\"http:\/\/www.u399732.stronazen.pl\/wp-content\/uploads\/2025\/11\/pioro-16-2-300x162.webp\" srcset=\"http:\/\/www.u399732.stronazen.pl\/wp-content\/uploads\/2025\/11\/pioro-16-2-300x162.webp 300w,http:\/\/www.u399732.stronazen.pl\/wp-content\/uploads\/2025\/11\/pioro-16-2-1024x552.webp 1024w,http:\/\/www.u399732.stronazen.pl\/wp-content\/uploads\/2025\/11\/pioro-16-2.webp 1336w\" sizes=\"auto, 250px\"\/><\/a><\/div><div class=\"sgb-item\"><a href=\"http:\/\/www.u399732.stronazen.pl\/?attachment_id=522\" target=\"_blank\"><img loading=\"lazy\" decoding=\"async\" alt=\"\" width=\"300\" height=\"169\" loading=\"lazy\" src=\"http:\/\/www.u399732.stronazen.pl\/wp-content\/uploads\/2025\/11\/pioro-16-3-300x169.webp\" srcset=\"http:\/\/www.u399732.stronazen.pl\/wp-content\/uploads\/2025\/11\/pioro-16-3-300x169.webp 300w,http:\/\/www.u399732.stronazen.pl\/wp-content\/uploads\/2025\/11\/pioro-16-3-1024x576.webp 1024w,http:\/\/www.u399732.stronazen.pl\/wp-content\/uploads\/2025\/11\/pioro-16-3.webp 1279w\" sizes=\"auto, 250px\"\/><\/a><\/div><div class=\"sgb-item\"><a href=\"http:\/\/www.u399732.stronazen.pl\/?attachment_id=524\" target=\"_blank\"><img loading=\"lazy\" decoding=\"async\" alt=\"\" width=\"300\" height=\"200\" loading=\"lazy\" src=\"http:\/\/www.u399732.stronazen.pl\/wp-content\/uploads\/2025\/11\/Pioro-16-5-300x200.webp\" srcset=\"http:\/\/www.u399732.stronazen.pl\/wp-content\/uploads\/2025\/11\/Pioro-16-5-300x200.webp 300w,http:\/\/www.u399732.stronazen.pl\/wp-content\/uploads\/2025\/11\/Pioro-16-5-1024x683.webp 1024w,http:\/\/www.u399732.stronazen.pl\/wp-content\/uploads\/2025\/11\/Pioro-16-5.webp 1080w\" sizes=\"auto, 250px\"\/><\/a><\/div><div class=\"sgb-item\"><a href=\"http:\/\/www.u399732.stronazen.pl\/?attachment_id=519\" target=\"_blank\"><img loading=\"lazy\" decoding=\"async\" alt=\"\" width=\"300\" height=\"213\" loading=\"lazy\" src=\"http:\/\/www.u399732.stronazen.pl\/wp-content\/uploads\/2025\/11\/Pioro-Arch-16-zdjecie-ostatnie-300x213.jpeg\" srcset=\"http:\/\/www.u399732.stronazen.pl\/wp-content\/uploads\/2025\/11\/Pioro-Arch-16-zdjecie-ostatnie-300x213.jpeg 300w,http:\/\/www.u399732.stronazen.pl\/wp-content\/uploads\/2025\/11\/Pioro-Arch-16-zdjecie-ostatnie-1024x727.jpeg 1024w,http:\/\/www.u399732.stronazen.pl\/wp-content\/uploads\/2025\/11\/Pioro-Arch-16-zdjecie-ostatnie.jpeg 1028w\" sizes=\"auto, 250px\"\/><\/a><\/div><div class=\"sgb-item\"><a href=\"http:\/\/www.u399732.stronazen.pl\/?attachment_id=520\" target=\"_blank\"><img loading=\"lazy\" decoding=\"async\" alt=\"\" width=\"300\" height=\"169\" loading=\"lazy\" src=\"http:\/\/www.u399732.stronazen.pl\/wp-content\/uploads\/2025\/11\/pioro-16-4-wnetrze-300x169.webp\" srcset=\"http:\/\/www.u399732.stronazen.pl\/wp-content\/uploads\/2025\/11\/pioro-16-4-wnetrze-300x169.webp 300w,http:\/\/www.u399732.stronazen.pl\/wp-content\/uploads\/2025\/11\/pioro-16-4-wnetrze-1024x576.webp 1024w,http:\/\/www.u399732.stronazen.pl\/wp-content\/uploads\/2025\/11\/pioro-16-4-wnetrze.webp 1279w\" sizes=\"auto, 250px\"\/><\/a><\/div><\/div><\/noscript><\/div><script type=\"application\/json\" class=\"sgb-data\">{\"externalLink\":false,\"captions\":false,\"collectionThumbSubMenuDownload\":false,\"collectionThumbSubMenuShare\":false,\"sliderMaxHeight\":580,\"sliderAdminWidth\":840,\"responsiveHeight\":true,\"collectionColumns\":1,\"galleryType\":\"pgc_sgb_slider\",\"galleryId\":\"d7d71020\",\"images\":[{\"id\":523,\"title\":\"pioro 16 zdj\u0119cie g\u0142\u00f3wne ( zdj\u0119cie pierwsze )\",\"url\":\"http:\/\/www.u399732.stronazen.pl\/wp-content\/uploads\/2025\/11\/pioro-16-zdjecie-glowne-zdjecie-pierwsze-.webp\",\"link\":\"http:\/\/www.u399732.stronazen.pl\/?attachment_id=523\",\"alt\":\"\",\"description\":\"\",\"caption\":\"\",\"mime\":\"image\/webp\",\"type\":\"image\",\"width\":1279,\"height\":720,\"sizes\":{\"thumbnail\":{\"height\":150,\"width\":150,\"url\":\"http:\/\/www.u399732.stronazen.pl\/wp-content\/uploads\/2025\/11\/pioro-16-zdjecie-glowne-zdjecie-pierwsze\\u002d\\u002d150x150.webp\",\"orientation\":\"landscape\"},\"medium\":{\"height\":169,\"width\":300,\"url\":\"http:\/\/www.u399732.stronazen.pl\/wp-content\/uploads\/2025\/11\/pioro-16-zdjecie-glowne-zdjecie-pierwsze\\u002d\\u002d300x169.webp\",\"orientation\":\"landscape\"},\"large\":{\"height\":576,\"width\":1024,\"url\":\"http:\/\/www.u399732.stronazen.pl\/wp-content\/uploads\/2025\/11\/pioro-16-zdjecie-glowne-zdjecie-pierwsze\\u002d\\u002d1024x576.webp\",\"orientation\":\"landscape\"},\"full\":{\"url\":\"http:\/\/www.u399732.stronazen.pl\/wp-content\/uploads\/2025\/11\/pioro-16-zdjecie-glowne-zdjecie-pierwsze-.webp\",\"height\":720,\"width\":1279,\"orientation\":\"landscape\"}},\"imageMeta\":{\"aperture\":\"0\",\"credit\":\"\",\"camera\":\"\",\"caption\":\"\",\"created_timestamp\":\"0\",\"copyright\":\"\",\"focal_length\":\"0\",\"iso\":\"0\",\"shutter_speed\":\"0\",\"title\":\"\",\"orientation\":\"0\",\"keywords\":[]},\"meta\":false,\"postlink\":\"http:\/\/www.u399732.stronazen.pl\/?attachment_id=523\"},{\"id\":521,\"title\":\"pioro 16 2\",\"url\":\"http:\/\/www.u399732.stronazen.pl\/wp-content\/uploads\/2025\/11\/pioro-16-2.webp\",\"link\":\"http:\/\/www.u399732.stronazen.pl\/?attachment_id=521\",\"alt\":\"\",\"description\":\"\",\"caption\":\"\",\"mime\":\"image\/webp\",\"type\":\"image\",\"width\":1336,\"height\":720,\"sizes\":{\"thumbnail\":{\"height\":150,\"width\":150,\"url\":\"http:\/\/www.u399732.stronazen.pl\/wp-content\/uploads\/2025\/11\/pioro-16-2-150x150.webp\",\"orientation\":\"landscape\"},\"medium\":{\"height\":162,\"width\":300,\"url\":\"http:\/\/www.u399732.stronazen.pl\/wp-content\/uploads\/2025\/11\/pioro-16-2-300x162.webp\",\"orientation\":\"landscape\"},\"large\":{\"height\":552,\"width\":1024,\"url\":\"http:\/\/www.u399732.stronazen.pl\/wp-content\/uploads\/2025\/11\/pioro-16-2-1024x552.webp\",\"orientation\":\"landscape\"},\"full\":{\"url\":\"http:\/\/www.u399732.stronazen.pl\/wp-content\/uploads\/2025\/11\/pioro-16-2.webp\",\"height\":720,\"width\":1336,\"orientation\":\"landscape\"}},\"imageMeta\":{\"aperture\":\"0\",\"credit\":\"\",\"camera\":\"\",\"caption\":\"\",\"created_timestamp\":\"0\",\"copyright\":\"\",\"focal_length\":\"0\",\"iso\":\"0\",\"shutter_speed\":\"0\",\"title\":\"\",\"orientation\":\"0\",\"keywords\":[]},\"meta\":false,\"postlink\":\"http:\/\/www.u399732.stronazen.pl\/?attachment_id=521\"},{\"id\":522,\"title\":\"pioro 16 3\",\"url\":\"http:\/\/www.u399732.stronazen.pl\/wp-content\/uploads\/2025\/11\/pioro-16-3.webp\",\"link\":\"http:\/\/www.u399732.stronazen.pl\/?attachment_id=522\",\"alt\":\"\",\"description\":\"\",\"caption\":\"\",\"mime\":\"image\/webp\",\"type\":\"image\",\"width\":1279,\"height\":720,\"sizes\":{\"thumbnail\":{\"height\":150,\"width\":150,\"url\":\"http:\/\/www.u399732.stronazen.pl\/wp-content\/uploads\/2025\/11\/pioro-16-3-150x150.webp\",\"orientation\":\"landscape\"},\"medium\":{\"height\":169,\"width\":300,\"url\":\"http:\/\/www.u399732.stronazen.pl\/wp-content\/uploads\/2025\/11\/pioro-16-3-300x169.webp\",\"orientation\":\"landscape\"},\"large\":{\"height\":576,\"width\":1024,\"url\":\"http:\/\/www.u399732.stronazen.pl\/wp-content\/uploads\/2025\/11\/pioro-16-3-1024x576.webp\",\"orientation\":\"landscape\"},\"full\":{\"url\":\"http:\/\/www.u399732.stronazen.pl\/wp-content\/uploads\/2025\/11\/pioro-16-3.webp\",\"height\":720,\"width\":1279,\"orientation\":\"landscape\"}},\"imageMeta\":{\"aperture\":\"0\",\"credit\":\"\",\"camera\":\"\",\"caption\":\"\",\"created_timestamp\":\"0\",\"copyright\":\"\",\"focal_length\":\"0\",\"iso\":\"0\",\"shutter_speed\":\"0\",\"title\":\"\",\"orientation\":\"0\",\"keywords\":[]},\"meta\":false,\"postlink\":\"http:\/\/www.u399732.stronazen.pl\/?attachment_id=522\"},{\"id\":524,\"title\":\"Pi\u00f3ro 16 5\",\"url\":\"http:\/\/www.u399732.stronazen.pl\/wp-content\/uploads\/2025\/11\/Pioro-16-5.webp\",\"link\":\"http:\/\/www.u399732.stronazen.pl\/?attachment_id=524\",\"alt\":\"\",\"description\":\"\",\"caption\":\"\",\"mime\":\"image\/webp\",\"type\":\"image\",\"width\":1080,\"height\":720,\"sizes\":{\"thumbnail\":{\"height\":150,\"width\":150,\"url\":\"http:\/\/www.u399732.stronazen.pl\/wp-content\/uploads\/2025\/11\/Pioro-16-5-150x150.webp\",\"orientation\":\"landscape\"},\"medium\":{\"height\":200,\"width\":300,\"url\":\"http:\/\/www.u399732.stronazen.pl\/wp-content\/uploads\/2025\/11\/Pioro-16-5-300x200.webp\",\"orientation\":\"landscape\"},\"large\":{\"height\":683,\"width\":1024,\"url\":\"http:\/\/www.u399732.stronazen.pl\/wp-content\/uploads\/2025\/11\/Pioro-16-5-1024x683.webp\",\"orientation\":\"landscape\"},\"full\":{\"url\":\"http:\/\/www.u399732.stronazen.pl\/wp-content\/uploads\/2025\/11\/Pioro-16-5.webp\",\"height\":720,\"width\":1080,\"orientation\":\"landscape\"}},\"imageMeta\":{\"aperture\":\"0\",\"credit\":\"\",\"camera\":\"\",\"caption\":\"\",\"created_timestamp\":\"0\",\"copyright\":\"\",\"focal_length\":\"0\",\"iso\":\"0\",\"shutter_speed\":\"0\",\"title\":\"\",\"orientation\":\"0\",\"keywords\":[]},\"meta\":false,\"postlink\":\"http:\/\/www.u399732.stronazen.pl\/?attachment_id=524\"},{\"id\":519,\"title\":\"Pi\u00f3ro Arch 16 zdj\u0119cie ostatnie\",\"url\":\"http:\/\/www.u399732.stronazen.pl\/wp-content\/uploads\/2025\/11\/Pioro-Arch-16-zdjecie-ostatnie.jpeg\",\"link\":\"http:\/\/www.u399732.stronazen.pl\/?attachment_id=519\",\"alt\":\"\",\"description\":\"\",\"caption\":\"\",\"mime\":\"image\/jpeg\",\"type\":\"image\",\"width\":1028,\"height\":730,\"sizes\":{\"thumbnail\":{\"height\":150,\"width\":150,\"url\":\"http:\/\/www.u399732.stronazen.pl\/wp-content\/uploads\/2025\/11\/Pioro-Arch-16-zdjecie-ostatnie-150x150.jpeg\",\"orientation\":\"landscape\"},\"medium\":{\"height\":213,\"width\":300,\"url\":\"http:\/\/www.u399732.stronazen.pl\/wp-content\/uploads\/2025\/11\/Pioro-Arch-16-zdjecie-ostatnie-300x213.jpeg\",\"orientation\":\"landscape\"},\"large\":{\"height\":727,\"width\":1024,\"url\":\"http:\/\/www.u399732.stronazen.pl\/wp-content\/uploads\/2025\/11\/Pioro-Arch-16-zdjecie-ostatnie-1024x727.jpeg\",\"orientation\":\"landscape\"},\"full\":{\"url\":\"http:\/\/www.u399732.stronazen.pl\/wp-content\/uploads\/2025\/11\/Pioro-Arch-16-zdjecie-ostatnie.jpeg\",\"height\":730,\"width\":1028,\"orientation\":\"landscape\"}},\"imageMeta\":{\"aperture\":\"0\",\"credit\":\"\",\"camera\":\"\",\"caption\":\"\",\"created_timestamp\":\"0\",\"copyright\":\"\",\"focal_length\":\"0\",\"iso\":\"0\",\"shutter_speed\":\"0\",\"title\":\"\",\"orientation\":\"1\",\"keywords\":[]},\"meta\":false,\"postlink\":\"http:\/\/www.u399732.stronazen.pl\/?attachment_id=519\"},{\"id\":520,\"title\":\"pioro 16 - 4 - wnetrze\",\"url\":\"http:\/\/www.u399732.stronazen.pl\/wp-content\/uploads\/2025\/11\/pioro-16-4-wnetrze.webp\",\"link\":\"http:\/\/www.u399732.stronazen.pl\/?attachment_id=520\",\"alt\":\"\",\"description\":\"\",\"caption\":\"\",\"mime\":\"image\/webp\",\"type\":\"image\",\"width\":1279,\"height\":720,\"sizes\":{\"thumbnail\":{\"height\":150,\"width\":150,\"url\":\"http:\/\/www.u399732.stronazen.pl\/wp-content\/uploads\/2025\/11\/pioro-16-4-wnetrze-150x150.webp\",\"orientation\":\"landscape\"},\"medium\":{\"height\":169,\"width\":300,\"url\":\"http:\/\/www.u399732.stronazen.pl\/wp-content\/uploads\/2025\/11\/pioro-16-4-wnetrze-300x169.webp\",\"orientation\":\"landscape\"},\"large\":{\"height\":576,\"width\":1024,\"url\":\"http:\/\/www.u399732.stronazen.pl\/wp-content\/uploads\/2025\/11\/pioro-16-4-wnetrze-1024x576.webp\",\"orientation\":\"landscape\"},\"full\":{\"url\":\"http:\/\/www.u399732.stronazen.pl\/wp-content\/uploads\/2025\/11\/pioro-16-4-wnetrze.webp\",\"height\":720,\"width\":1279,\"orientation\":\"landscape\"}},\"imageMeta\":{\"aperture\":\"0\",\"credit\":\"\",\"camera\":\"\",\"caption\":\"\",\"created_timestamp\":\"0\",\"copyright\":\"\",\"focal_length\":\"0\",\"iso\":\"0\",\"shutter_speed\":\"0\",\"title\":\"\",\"orientation\":\"0\",\"keywords\":[]},\"meta\":false,\"postlink\":\"http:\/\/www.u399732.stronazen.pl\/?attachment_id=520\"}],\"sliderItemTitleFontSize\":20,\"sliderSlideshow\":false,\"sliderZoomEnable\":false,\"itemsMetaDataCollection\":[]}<\/script><script>(function(){if(window.PGC_SGB && window.PGC_SGB.searcher){window.PGC_SGB.searcher.initBlocks()}})()<\/script><\/div>\n<h4><span style=\"color: #d1a74c;\"><strong>PARAMETRY\u00a0BUDYNKU<\/strong><\/span><\/h4>\n<ul>\n<li><strong>Powierzchnia zabudowy:<\/strong> 130,80 m\u00b2<\/li>\n<li><strong>Powierzchnia u\u017cytkowa:<\/strong> 91,80 m\u00b2<\/li>\n<li><strong>Wysoko\u015b\u0107 budynku:<\/strong> 6,73 m<\/li>\n<li><strong>Minimalna szeroko\u015b\u0107 dzia\u0142ki:<\/strong> 23,25 m<\/li>\n<li><strong>Minimalna d\u0142ugo\u015b\u0107 dzia\u0142ki:<\/strong> 16,05 m<\/li>\n<\/ul>\n<h4><span style=\"color: #d1a74c;\"><strong>POMIESZCZENIA<\/strong><\/span><\/h4>\n<ul>\n<li><strong>Parter:<\/strong>\n<ul>\n<li>Wiatro\u0142ap<\/li>\n<li>Spi\u017carnia<\/li>\n<li>Kuchnia<\/li>\n<li>Jadalnia<\/li>\n<li>Pok\u00f3j dzienny<\/li>\n<li>3 sypialnie<\/li>\n<li>Kot\u0142ownia<\/li>\n<li>\u0141azienka<\/li>\n<li>WC<\/li>\n<\/ul>\n<\/li>\n<\/ul>\n<h4><span style=\"color: #d1a74c;\"><strong>KONSTRUKCJA BUDYNKU<\/strong><\/span><\/h4>\n<ul>\n<li>Szkieletowa<\/li>\n<li>Drewno strugane mechanicznie, klasa C24 | KVH | BSH<\/li>\n<\/ul>\n<h4><span style=\"color: #d1a74c;\"><strong>\u015aCIANY<\/strong><\/span><\/h4>\n<ul>\n<li><strong>\u015aciany zewn\u0119trzne:<\/strong> 195 mm x 45 mm<\/li>\n<li><strong>\u015aciany dzia\u0142owe:<\/strong> 145 mm x 45 mm<\/li>\n<li><strong>Przegrodowe:<\/strong> 95 mm x 45 mm<\/li>\n<li><strong>No\u015bne:<\/strong> 195 mm x 45 mm<\/li>\n<\/ul>\n<h4><span style=\"color: #d1a74c;\"><strong>KONSTRUKCJA DACHU<\/strong><\/span><\/h4>\n<ul>\n<li><strong>Krokwie:<\/strong> 195 mm x 45 mm<\/li>\n<li><strong>Mur\u0142aty konstrukcyjne:<\/strong> 140 mm x 140 mm<\/li>\n<li><strong>C24 | KVH | BSH:<\/strong> 160 mm x 160 mm, 200 mm x 300 mm<\/li>\n<li><strong>Elementy no\u015bne:<\/strong> podci\u0105gi | nadpro\u017ca<\/li>\n<\/ul>\n<h4><span style=\"color: #d1a74c;\"><strong>IZOLACJA\/ OCIEPLENIE<\/strong><\/span><\/h4>\n<ul>\n<li><strong>Paroizolacja od wewn\u0105trz budynku<\/strong> &#8211; folia Steico 0,3 mm<\/li>\n<li><strong>Wiatroizolacja od zewn\u0105trz budynk<\/strong>u &#8211; folia Steico 0,3 mm<\/li>\n<li><strong>Poszycie zewn\u0119trzne domu<\/strong> &#8211; p\u0142yta STEICO 40 mm (dyfuzyjnie otwarta) na ca\u0142ej kubaturze, w\u0142\u0105cznie z po\u0142aciami dachowymi.<\/li>\n<\/ul>\n<h4><span style=\"color: #d1a74c;\"><strong>DACH<\/strong><\/span><\/h4>\n<ul>\n<li><strong>Termoizolacja dachu<\/strong><\/li>\n<li><strong>Otwarto\u015b\u0107 dyfuzyjna<\/strong><\/li>\n<li><strong>Dach wentylowany<\/strong><\/li>\n<li><strong>Wsp\u00f3\u0142czynnik przenikania ciep\u0142a<\/strong> U &#8211; 0,14 W\/(m\u00b2. K)<\/li>\n<li><strong>Ocieplenie:<\/strong>\n<ul>\n<li>We\u0142na mineralna 200 mm<\/li>\n<li>We\u0142na Steico 200 mm<\/li>\n<li>Zasyp we\u0142n\u0105 drzewn\u0105 Steico<\/li>\n<\/ul>\n<\/li>\n<\/ul>\n<h4><span style=\"color: #d1a74c;\"><strong>\u015aCIANY<\/strong><\/span><\/h4>\n<ul>\n<li><strong>Termoizolacja \u015bcian<\/strong><\/li>\n<li><strong>Monta\u017c ta\u015bm uszczelniaj\u0105cych i paroizolacji<\/strong><\/li>\n<li><strong>Elewacja wentylowana<\/strong><\/li>\n<li><strong>Wsp\u00f3\u0142czynnik przenikania ciep\u0142a <\/strong>U &#8211; 0,18 W\/(m\u00b2. K)<\/li>\n<li><strong>\u015aciany dzia\u0142owe wype\u0142nienie <\/strong>&#8211; we\u0142na akustyczna<\/li>\n<li><strong>Wype\u0142nienie \u015bcian no\u015bnych zewn\u0119trznych:<\/strong>\n<ul>\n<li>We\u0142na mineralna o grubo\u015bci 150 mm + 50 mm \u0142\u0105cznie 200mm | U\u0142o\u017cona krzy\u017cowo o przewodno\u015bci &#8211; \u03bb \u2264 0,033 W\/Mk<\/li>\n<li>We\u0142na Steico 200 mm (Premium )<\/li>\n<li>Zasyp z w\u0142\u00f3kien drzewnych Steico (Premium)<\/li>\n<\/ul>\n<\/li>\n<\/ul>\n<h4><span style=\"color: #d1a74c;\"><strong>STROP<\/strong><\/span><\/h4>\n<ul>\n<li><strong>Termoizolacja i wyg\u0142uszenie stropu<\/strong><\/li>\n<li><strong>Wype\u0142nienie<\/strong> &#8211; we\u0142na akustyczna<\/li>\n<\/ul>\n<h4><span style=\"color: #d1a74c;\"><strong>STOLARKA OKIENNA<\/strong><\/span><\/h4>\n<ul>\n<li>Stolarka okienna PCV &#8211; 3 szybowa<\/li>\n<li><strong>\u015aredni wsp\u00f3\u0142czynnik przenikania ciep\u0142a U<\/strong> &#8211; 0,78 W\/(m\u00b2. K)<\/li>\n<li>Ciep\u0142y monta\u017c okien<\/li>\n<li>Kolor jednostronny do wyboru<\/li>\n<li>5 lat gwarancji<\/li>\n<li>Mo\u017cliwo\u015b\u0107 wykonania stolarki okiennej w aluminium lub w obustronnym kolorze<\/li>\n<\/ul>\n<h4><span style=\"color: #d1a74c;\"><strong>DRZWI ZEWN\u0118TRZNE<\/strong><\/span><\/h4>\n<ul>\n<li>Drzwi stalowe &#8211; grubo\u015b\u0107 72 mm &#8211; 1 sztuka<\/li>\n<\/ul>\n<h4><span style=\"color: #d1a74c;\"><strong>POKRYCIE DACHOWE<\/strong><\/span><\/h4>\n<ul>\n<li>Blacha na r\u0105bek stoj\u0105cy ( Firma Blach-Profil) &#8211; 25 lat gwarancji<\/li>\n<li>Komplet obr\u00f3bek blacharskich:\n<ul>\n<li>rynny (w systemie ukrytym)<\/li>\n<li>rury spustowe (monta\u017c w standardzie)<\/li>\n<\/ul>\n<\/li>\n<\/ul>\n<h4><span style=\"color: #d1a74c;\"><strong>ELEWACJA (do wyboru)<\/strong><\/span><\/h4>\n<ul>\n<li><strong>Deska typu Duo-Romb z modrzewia europejskiego<br \/>\n<\/strong>trzykrotnie olejowana &#8211; na kratownicy dylatacyjnej<\/li>\n<li><strong>B<\/strong><strong>lacha na r\u0105bek stoj\u0105cy<\/strong><\/li>\n<li><strong>Tynk mineralny<\/strong><\/li>\n<\/ul>\n<h4><span style=\"color: #d1a74c;\"><strong>POSZYCIE \u015aCIAN WEWN\u0118TRZNYCH (do wyboru)<\/strong><\/span><\/h4>\n<ul>\n<li>Deska \u015bwierkowa<\/li>\n<li>P\u0142yta kartonowo- gipsowa (pod szpachlowanie)<\/li>\n<li>P\u0142yta fermacell (pod szpachlowanie)<\/li>\n<\/ul>\n<h4><span style=\"color: #d1a74c;\"><strong>WYKO\u0143CZENIE \u0141AZIENKI<\/strong><\/span><\/h4>\n<ul>\n<li>P\u0142yta gipsowa + przy\u0142\u0105cza wodno \u2013 kanalizacyjne<\/li>\n<\/ul>\n<h3><span style=\"color: #000000;\"><strong>INSTALACJE (W CENIE):<\/strong><\/span><\/h3>\n<h4><span style=\"color: #d1a74c;\"><strong>INSTALACJA ELEKTRYCZNA<\/strong><\/span><\/h4>\n<ul>\n<li>Kompletna instalacja w pe\u0142ni peszlowana (zako\u0144czona pomiarem elektrycznym)<\/li>\n<li>Rozdzielnica elektryczna + osprz\u0119t rozdzielnicy<\/li>\n<li>Gniazdo anteny TV 1 sztuka<\/li>\n<\/ul>\n<h4><span style=\"color: #d1a74c;\"><strong>INSTALACJA HYDRAULICZNA<\/strong><\/span><\/h4>\n<ul>\n<li>Instalacja wodno-kanalizacyjna\n<ul>\n<li>kuchnia<\/li>\n<li>\u0142azienka<\/li>\n<\/ul>\n<\/li>\n<li>Instalacja wodna\n<ul>\n<li>1 wyj\u015bcie zewn\u0119trzne<\/li>\n<\/ul>\n<\/li>\n<\/ul>\n<h4><span style=\"color: #d1a74c;\"><strong>KOMIN SYSTEMOWY (do wyboru)<\/strong><\/span><\/h4>\n<ul>\n<li>Stal nierdzewna<\/li>\n<li>Bloczek z wk\u0142adem ceramicznym<\/li>\n<\/ul>\n<p><strong>(stan deweloperski nie obejmuje ogrzewania pod\u0142ogowego ani \u017ar\u00f3d\u0142a ciep\u0142a)<\/strong><\/p>\n<h4><span style=\"color: #d1a74c;\"><strong>TECHNOLOGIA WYKONANIA<\/strong><\/span><\/h4>\n<p><img fetchpriority=\"high\" decoding=\"async\" class=\"alignnone size-full wp-image-342\" src=\"https:\/\/www.u399732.stronazen.pl\/wp-content\/uploads\/2025\/11\/technologia-wykonania-.png\" alt=\"\" width=\"973\" height=\"658\" srcset=\"https:\/\/www.u399732.stronazen.pl\/wp-content\/uploads\/2025\/11\/technologia-wykonania-.png 973w, https:\/\/www.u399732.stronazen.pl\/wp-content\/uploads\/2025\/11\/technologia-wykonania--300x203.png 300w, https:\/\/www.u399732.stronazen.pl\/wp-content\/uploads\/2025\/11\/technologia-wykonania--768x519.png 768w\" sizes=\"(max-width: 973px) 100vw, 973px\" \/><\/p>\n<h4><span style=\"color: #d1a74c;\"><strong>FUNDAMENTY<\/strong><\/span><\/h4>\n<p><strong>Ciep\u0142a p\u0142yta fundamentowa<br \/>\n<\/strong><\/p>\n<ul>\n<li>Wykop i wymiana gruntu ( w zale\u017cno\u015bci od warunk\u00f3w)<\/li>\n<li>Zasyp kruszywem + piasek + zag\u0119szczenie<\/li>\n<li>Instalacja kanalizacyjna<\/li>\n<li>Folia izolacyjna<\/li>\n<li>U\u0142o\u017cenie formy z XPS 10 cm<\/li>\n<li>Zbrojenie &#8211; stal \u017cebrowana \u00d812 mm<\/li>\n<li>Beton B25w8 \u2013 grubo\u015b\u0107 18 cm<\/li>\n<\/ul>\n<p><strong>Fundament tradycyjny<\/strong><\/p>\n<ul>\n<li>Wykop + zbrojenie \u00d812 i \u00d86<\/li>\n<li>\u0141awa fundamentowa z betonu B25w8<\/li>\n<li>Mur z bloczka fundamentowego do poziomu 0 budynku<\/li>\n<li>Izolacja: masa izolacyjna + XPS 8 cm<\/li>\n<li>Zasyp piaskiem + zag\u0119szczenie<\/li>\n<li>Kanalizacja<\/li>\n<li>Chudy beton B10 \u2013 10 cm<\/li>\n<li>Styropian pod\u0142ogowy \u2013 15 cm<\/li>\n<li>Wylewka ko\u0144cowa (z opcj\u0105 monta\u017cu ogrzewania pod\u0142ogowego)<\/li>\n<\/ul>\n<h4><span style=\"color: #d1a74c;\"><strong>CE<\/strong><strong>NA<\/strong><\/span><\/h4>\n<p><strong>Stan deweloperski<br \/>\n<\/strong>Cena na we\u0142nie mineralnej &#8211; 577 000 z\u0142 netto + 8% VAT<br \/>\nCena na we\u0142nie Steico \u2013 580 000 z\u0142 netto + 8% VAT<br \/>\nCena z zasypem z w\u0142\u00f3kien drzewnych Steico &#8211; 583 000 z\u0142 netto + 8% VAT<\/p>\n<p>+<\/p>\n<p><strong>Fundamenty<br \/>\n<\/strong>Tradycyjne &#8211; 48 000 z\u0142 netto + 8% VAT<br \/>\nCiep\u0142a p\u0142yta fundamentowa &#8211; 55 000 z\u0142 netto + 8% VAT<\/p>\n<p><strong>Instalacja ogrzewania pod\u0142ogowego<br \/>\n<\/strong>wodne \u2013 7200 z\u0142 netto + 8 % VAT<br \/>\nelektryczne \u2013 11000 z\u0142 netto + 8% VAT<\/p>\n<p><strong>Ka\u017cdy projekt zostanie w pe\u0142ni dopasowany do Pa\u0144stwa wymaga\u0144 \u2013 wygl\u0105d zewn\u0119trzny, uk\u0142ad pomieszcze\u0144 oraz inne szczeg\u00f3\u0142y.<\/strong><\/p>\n<h4><span style=\"color: #d1a74c;\"><strong>OPCJE DODATKOWE<\/strong><\/span><\/h4>\n<ul>\n<li>Wyko\u0144czenie domu pod klucz<\/li>\n<li>Pomoc w wyborze oraz instalacja \u017ar\u00f3d\u0142a ciep\u0142a<\/li>\n<li>Ekologiczna oczyszczalnia przydomowa<\/li>\n<li>Szambo betonowe<\/li>\n<li>Rekuperacja<\/li>\n<li>Aran\u017cacja dzia\u0142ki:\n<ul>\n<li>Chodniki &#8211; Podjazdy &#8211; Gara\u017ce &#8211; Pergole &#8211; Altany &#8211; Sauny &#8211; Jacuzzi &#8211; Tarasy &#8211; Balkony<\/li>\n<\/ul>\n<\/li>\n<li>R\u00f3wnanie terenu<\/li>\n<li>Wycena i budowa projekt\u00f3w indywidualnych<\/li>\n<\/ul>\n<p>&nbsp;<\/p>\n","protected":false},"excerpt":{"rendered":"<p>PARAMETRY\u00a0BUDYNKU Powierzchnia zabudowy: 130,80 m\u00b2 Powierzchnia u\u017cytkowa: 91,80 m\u00b2 Wysoko\u015b\u0107 budynku: 6,73 m Minimalna szeroko\u015b\u0107 dzia\u0142ki: 23,25 m Minimalna d\u0142ugo\u015b\u0107 dzia\u0142ki: 16,05 m POMIESZCZENIA Parter: Wiatro\u0142ap Spi\u017carnia Kuchnia Jadalnia Pok\u00f3j dzienny 3 sypialnie Kot\u0142ownia \u0141azienka WC KONSTRUKCJA BUDYNKU Szkieletowa Drewno strugane mechanicznie, klasa C24 | KVH | BSH \u015aCIANY \u015aciany zewn\u0119trzne: 195 mm x 45 [&hellip;]<\/p>\n","protected":false},"author":1,"featured_media":0,"parent":0,"menu_order":0,"comment_status":"closed","ping_status":"closed","template":"","meta":{"pgc_sgb_lightbox_settings":"","footnotes":""},"class_list":["post-540","page","type-page","status-publish","hentry"],"_links":{"self":[{"href":"https:\/\/www.u399732.stronazen.pl\/index.php?rest_route=\/wp\/v2\/pages\/540","targetHints":{"allow":["GET"]}}],"collection":[{"href":"https:\/\/www.u399732.stronazen.pl\/index.php?rest_route=\/wp\/v2\/pages"}],"about":[{"href":"https:\/\/www.u399732.stronazen.pl\/index.php?rest_route=\/wp\/v2\/types\/page"}],"author":[{"embeddable":true,"href":"https:\/\/www.u399732.stronazen.pl\/index.php?rest_route=\/wp\/v2\/users\/1"}],"replies":[{"embeddable":true,"href":"https:\/\/www.u399732.stronazen.pl\/index.php?rest_route=%2Fwp%2Fv2%2Fcomments&post=540"}],"version-history":[{"count":4,"href":"https:\/\/www.u399732.stronazen.pl\/index.php?rest_route=\/wp\/v2\/pages\/540\/revisions"}],"predecessor-version":[{"id":552,"href":"https:\/\/www.u399732.stronazen.pl\/index.php?rest_route=\/wp\/v2\/pages\/540\/revisions\/552"}],"wp:attachment":[{"href":"https:\/\/www.u399732.stronazen.pl\/index.php?rest_route=%2Fwp%2Fv2%2Fmedia&parent=540"}],"curies":[{"name":"wp","href":"https:\/\/api.w.org\/{rel}","templated":true}]}}